{"id":18,"date":"2018-02-22T15:28:33","date_gmt":"2018-02-22T14:28:33","guid":{"rendered":"http:\/\/repicando.de\/?page_id=18"},"modified":"2023-05-08T22:55:14","modified_gmt":"2023-05-08T20:55:14","slug":"instrumente","status":"publish","type":"page","link":"https:\/\/repicando.de\/?page_id=18","title":{"rendered":"Instrumente"},"content":{"rendered":"<div class=\"fusion-fullwidth fullwidth-box fusion-builder-row-1 nonhundred-percent-fullwidth non-hundred-percent-height-scrolling\" style=\"--awb-border-radius-top-left:0px;--awb-border-radius-top-right:0px;--awb-border-radius-bottom-right:0px;--awb-border-radius-bottom-left:0px;--awb-flex-wrap:wrap;\" ><div class=\"fusion-builder-row fusion-row\"><div class=\"fusion-layout-column fusion_builder_column fusion-builder-column-0 fusion_builder_column_1_1 1_1 fusion-one-full fusion-column-first fusion-column-last\" style=\"--awb-bg-size:cover;\"><div class=\"fusion-column-wrapper fusion-flex-column-wrapper-legacy\"><div class=\"fusion-text fusion-text-1\"><h2>Surdo<\/h2>\n<p>Dies ist die gr\u00f6\u00dfte Trommel und hat Durchmesser von 16&#8243; bis 24&#8243;. Die Gr\u00f6\u00dfenverh\u00e4ltnisse verleiht der Surdo drei unterschiedliche Stimmlagen und Einsatzzwecke (<a href=\"http:\/\/de.wikipedia.org\/wiki\/Surdo\">de.wikipedia.org\/wiki\/Surdo<\/a>):<\/p>\n<ol>\n<li><a>Surdo de Primeira: <\/a>sie ist am tiefsten gestimmt und spielt zusammen mit der Segunda den Puls (Beat). Sie ist typischerweise mit 24&#8243; die gr\u00f6\u00dfte Surdo.<\/li>\n<li><a>Surdo de Segunda<\/a>: sie ist h\u00f6her gestimmt und spielt die ungeraden Z\u00e4hlzeiten. Somit erwidert sie die geraden Z\u00e4hlzeiten der Primeira, weshalb sie auch Resposta genannt wird. Mit ihren 20&#8243; &#8211; 22&#8243; hat sie eine mittlere Gr\u00f6\u00dfe.<\/li>\n<li><a>Surdo de Ter\u00e7eira:<\/a> die mit 16&#8243; &#8211; 18&#8243; kleinste Surdo hat die h\u00f6chste Stimmlage. Sie spielt ein rhythmisches Grundger\u00fcst der Samba, das den Puls der Primeira und Segunda erg\u00e4nzt.<\/li>\n<\/ol>\n<\/div><div class=\"fusion-image-element in-legacy-container\" style=\"--awb-caption-title-font-family:var(--h2_typography-font-family);--awb-caption-title-font-weight:var(--h2_typography-font-weight);--awb-caption-title-font-style:var(--h2_typography-font-style);--awb-caption-title-size:var(--h2_typography-font-size);--awb-caption-title-transform:var(--h2_typography-text-transform);--awb-caption-title-line-height:var(--h2_typography-line-height);--awb-caption-title-letter-spacing:var(--h2_typography-letter-spacing);\"><span class=\" fusion-imageframe imageframe-none imageframe-1 hover-type-zoomin fusion-animated\" data-animationType=\"fadeInLeft\" data-animationDuration=\"0.3\" data-animationOffset=\"top-into-view\"><a class=\"fusion-no-lightbox\" href=\"http:\/\/de.wikipedia.org\/wiki\/Surdo\" target=\"_self\" aria-label=\"surdo-800w\"><img decoding=\"async\" width=\"300\" height=\"225\" src=\"http:\/\/repicando.de\/wp-content\/uploads\/2018\/05\/surdo-800w-300x225.jpg\" alt class=\"img-responsive wp-image-504\" srcset=\"https:\/\/repicando.de\/wp-content\/uploads\/2018\/05\/surdo-800w-200x150.jpg 200w, https:\/\/repicando.de\/wp-content\/uploads\/2018\/05\/surdo-800w-400x300.jpg 400w, https:\/\/repicando.de\/wp-content\/uploads\/2018\/05\/surdo-800w-600x450.jpg 600w, https:\/\/repicando.de\/wp-content\/uploads\/2018\/05\/surdo-800w.jpg 800w\" sizes=\"(max-width: 750px) 100vw, 300px\" \/><\/a><\/span><\/div><div class=\"fusion-sep-clear\"><\/div><div class=\"fusion-separator fusion-full-width-sep\" style=\"margin-left: auto;margin-right: auto;margin-top:0em;margin-bottom:3em;width:100%;\"><\/div><div class=\"fusion-sep-clear\"><\/div><div class=\"fusion-text fusion-text-2\"><h2>Caixa\u00a0(Tarol, Malacacheta oder Caixa de guerra)<\/h2>\n<p>Sie wird im Englischen auch Snare genannt. Letztendlich ist sie der Marschtrommel \u00e4hnlich und wird auch mit \u00e4hnlichen Rhythmen zur Untermalung des Musikteppichs gespielt. (<a href=\"http:\/\/de.wikipedia.org\/wiki\/Caixa\">de.wikipedia.org\/wiki\/Caixa)<\/a><\/p>\n<\/div><div class=\"fusion-image-element in-legacy-container\" style=\"--awb-caption-title-font-family:var(--h2_typography-font-family);--awb-caption-title-font-weight:var(--h2_typography-font-weight);--awb-caption-title-font-style:var(--h2_typography-font-style);--awb-caption-title-size:var(--h2_typography-font-size);--awb-caption-title-transform:var(--h2_typography-text-transform);--awb-caption-title-line-height:var(--h2_typography-line-height);--awb-caption-title-letter-spacing:var(--h2_typography-letter-spacing);\"><span class=\" fusion-imageframe imageframe-none imageframe-2 hover-type-zoomin fusion-animated\" data-animationType=\"fadeInLeft\" data-animationDuration=\"0.3\" data-animationOffset=\"top-into-view\"><a class=\"fusion-no-lightbox\" href=\"http:\/\/de.wikipedia.org\/wiki\/Caixa\" target=\"_self\" aria-label=\"snare-800w\"><img decoding=\"async\" width=\"300\" height=\"225\" src=\"http:\/\/repicando.de\/wp-content\/uploads\/2018\/05\/snare-800w-300x225.jpg\" alt class=\"img-responsive wp-image-503\" srcset=\"https:\/\/repicando.de\/wp-content\/uploads\/2018\/05\/snare-800w-200x150.jpg 200w, https:\/\/repicando.de\/wp-content\/uploads\/2018\/05\/snare-800w-400x300.jpg 400w, https:\/\/repicando.de\/wp-content\/uploads\/2018\/05\/snare-800w-600x450.jpg 600w, https:\/\/repicando.de\/wp-content\/uploads\/2018\/05\/snare-800w.jpg 800w\" sizes=\"(max-width: 750px) 100vw, 300px\" \/><\/a><\/span><\/div><div class=\"fusion-sep-clear\"><\/div><div class=\"fusion-separator fusion-full-width-sep\" style=\"margin-left: auto;margin-right: auto;margin-top:0em;margin-bottom:3em;width:100%;\"><\/div><div class=\"fusion-sep-clear\"><\/div><div class=\"fusion-text fusion-text-3\"><h2>Repinique<\/h2>\n<p>Wegen ihres hohen metallischen Klangs wird dieses der Caixa \u00e4hnliche Musikinstrument f\u00fcr &#8222;Calls&#8220; (also Start- oder Stopprufe) eingesetzt. Wir spielen die Repinique mit Plastikpeitschen. Sie wird aber auch h\u00e4ufig mit zwei Holzst\u00f6cken oder einem Holzstock und einer Hand gespielt. (<a href=\"http:\/\/de.wikipedia.org\/wiki\/Repinique\">de.wikipedia.org\/wiki\/Repinique<\/a>)<\/p>\n<\/div><div class=\"fusion-image-element in-legacy-container\" style=\"--awb-caption-title-font-family:var(--h2_typography-font-family);--awb-caption-title-font-weight:var(--h2_typography-font-weight);--awb-caption-title-font-style:var(--h2_typography-font-style);--awb-caption-title-size:var(--h2_typography-font-size);--awb-caption-title-transform:var(--h2_typography-text-transform);--awb-caption-title-line-height:var(--h2_typography-line-height);--awb-caption-title-letter-spacing:var(--h2_typography-letter-spacing);\"><span class=\" fusion-imageframe imageframe-none imageframe-3 hover-type-zoomin fusion-animated\" data-animationType=\"fadeInLeft\" data-animationDuration=\"0.3\" data-animationOffset=\"top-into-view\"><a class=\"fusion-no-lightbox\" href=\"http:\/\/de.wikipedia.org\/wiki\/Repinique\" target=\"_self\" aria-label=\"repinique-800\"><img decoding=\"async\" width=\"300\" height=\"225\" src=\"http:\/\/repicando.de\/wp-content\/uploads\/2018\/05\/repinique-800-300x225.jpg\" alt class=\"img-responsive wp-image-502\" srcset=\"https:\/\/repicando.de\/wp-content\/uploads\/2018\/05\/repinique-800-200x150.jpg 200w, https:\/\/repicando.de\/wp-content\/uploads\/2018\/05\/repinique-800-400x300.jpg 400w, https:\/\/repicando.de\/wp-content\/uploads\/2018\/05\/repinique-800-600x450.jpg 600w, https:\/\/repicando.de\/wp-content\/uploads\/2018\/05\/repinique-800.jpg 800w\" sizes=\"(max-width: 750px) 100vw, 300px\" \/><\/a><\/span><\/div><div class=\"fusion-sep-clear\"><\/div><div class=\"fusion-separator fusion-full-width-sep\" style=\"margin-left: auto;margin-right: auto;margin-top:0em;margin-bottom:3em;width:100%;\"><\/div><div class=\"fusion-sep-clear\"><\/div><div class=\"fusion-text fusion-text-4\"><h2>Tamborim<\/h2>\n<p>Diese kleine Rahmentrommel spielen wir mit einer Plastikpeitsche wodurch ein sehr durchdringender Ton erreicht wird. Die schnelleren St\u00fccken spielen wir mit dem virado, einer Drehbewegung um der Geschwindigkeit der Sechzehntel folgen zu k\u00f6nnen. (<a href=\"http:\/\/de.wikipedia.org\/wiki\/Tamborim\">de.wikipedia.org\/wiki\/Tamborim<\/a>)<\/p>\n<\/div><div class=\"fusion-image-element in-legacy-container\" style=\"--awb-caption-title-font-family:var(--h2_typography-font-family);--awb-caption-title-font-weight:var(--h2_typography-font-weight);--awb-caption-title-font-style:var(--h2_typography-font-style);--awb-caption-title-size:var(--h2_typography-font-size);--awb-caption-title-transform:var(--h2_typography-text-transform);--awb-caption-title-line-height:var(--h2_typography-line-height);--awb-caption-title-letter-spacing:var(--h2_typography-letter-spacing);\"><span class=\" fusion-imageframe imageframe-none imageframe-4 hover-type-zoomin fusion-animated\" data-animationType=\"fadeInLeft\" data-animationDuration=\"0.3\" data-animationOffset=\"top-into-view\"><a class=\"fusion-no-lightbox\" href=\"http:\/\/de.wikipedia.org\/wiki\/Tamborim\" target=\"_self\" aria-label=\"tamborim-800w\"><img decoding=\"async\" width=\"300\" height=\"225\" src=\"http:\/\/repicando.de\/wp-content\/uploads\/2018\/05\/tamborim-800w-300x225.jpg\" alt class=\"img-responsive wp-image-505\" srcset=\"https:\/\/repicando.de\/wp-content\/uploads\/2018\/05\/tamborim-800w-200x150.jpg 200w, https:\/\/repicando.de\/wp-content\/uploads\/2018\/05\/tamborim-800w-400x300.jpg 400w, https:\/\/repicando.de\/wp-content\/uploads\/2018\/05\/tamborim-800w-600x450.jpg 600w, https:\/\/repicando.de\/wp-content\/uploads\/2018\/05\/tamborim-800w.jpg 800w\" sizes=\"(max-width: 750px) 100vw, 300px\" \/><\/a><\/span><\/div><div class=\"fusion-sep-clear\"><\/div><div class=\"fusion-separator fusion-full-width-sep\" style=\"margin-left: auto;margin-right: auto;margin-top:0em;margin-bottom:3em;width:100%;\"><\/div><div class=\"fusion-sep-clear\"><\/div><div class=\"fusion-clearfix\"><\/div><\/div><\/div><\/div><\/div>\n","protected":false},"excerpt":{"rendered":"","protected":false},"author":12,"featured_media":0,"parent":0,"menu_order":0,"comment_status":"closed","ping_status":"closed","template":"100-width.php","meta":{"footnotes":""},"class_list":["post-18","page","type-page","status-publish","hentry"],"_links":{"self":[{"href":"https:\/\/repicando.de\/index.php?rest_route=\/wp\/v2\/pages\/18","targetHints":{"allow":["GET"]}}],"collection":[{"href":"https:\/\/repicando.de\/index.php?rest_route=\/wp\/v2\/pages"}],"about":[{"href":"https:\/\/repicando.de\/index.php?rest_route=\/wp\/v2\/types\/page"}],"author":[{"embeddable":true,"href":"https:\/\/repicando.de\/index.php?rest_route=\/wp\/v2\/users\/12"}],"replies":[{"embeddable":true,"href":"https:\/\/repicando.de\/index.php?rest_route=%2Fwp%2Fv2%2Fcomments&post=18"}],"version-history":[{"count":9,"href":"https:\/\/repicando.de\/index.php?rest_route=\/wp\/v2\/pages\/18\/revisions"}],"predecessor-version":[{"id":940,"href":"https:\/\/repicando.de\/index.php?rest_route=\/wp\/v2\/pages\/18\/revisions\/940"}],"wp:attachment":[{"href":"https:\/\/repicando.de\/index.php?rest_route=%2Fwp%2Fv2%2Fmedia&parent=18"}],"curies":[{"name":"wp","href":"https:\/\/api.w.org\/{rel}","templated":true}]}}