{"id":355,"date":"2018-03-19T17:40:23","date_gmt":"2018-03-19T16:40:23","guid":{"rendered":"http:\/\/repicando.de\/?page_id=355"},"modified":"2018-03-26T20:19:13","modified_gmt":"2018-03-26T18:19:13","slug":"anmeldeseite","status":"publish","type":"page","link":"https:\/\/repicando.de\/?page_id=355","title":{"rendered":"Registrierseite"},"content":{"rendered":"<p>Mit der Registrierung erkl\u00e4rst Du dich einverstanden, dass wir als Seitenbetreiber Deinen Nutzernamen, Deinen\u00a0Vor- und Nachnamen, die Angaben zu Deinem gespielten Instrument, Deine E-Mail-Adresse und Dein Passwort verarbeitet.<\/p>\n<p>Nutzername und Passwort werden verwendet, um dem Nutzer den Zugang zum gesch\u00fctzten Mitgliederbereich zu erm\u00f6glichen. Das Passwort wird dabei durch uns nicht direkt gespeichert, sondern unmittelbar nach der Registrierung in eine Pr\u00fcfsumme (sog. Hashwert) umgewandelt. Dadurch ist das Auslesen des Passworts im Nachhinein durch den Seitenbetreiber nicht mehr m\u00f6glich. Die E-Mail-Adresse wird ausschlie\u00dflich daf\u00fcr genutzt, ein neues Passwort anlegen zu k\u00f6nnen. Wir verschicken weder Werbung, noch geben wir die E-Mail-Adresse weiter, insofern wir nicht gesetzlich dazu verpflichtet sind.<\/p>\n<p>Du kannst jederzeit die L\u00f6schung Deiner Registrierungsdaten veranlassen. Weitere Informationen findest Du in unserer <a href=\"http:\/\/repicando.de\/?page_id=80\">Datenschutzerkl\u00e4rung<\/a>.<\/p>\n<div id=\"wpmem_reg\"><a id=\"register\"><\/a><form name=\"form\" method=\"post\" action=\"https:\/\/repicando.de\/?page_id=355\" id=\"wpmem_register_form\" class=\"form\"><input type=\"hidden\" id=\"_wpmem_register_nonce\" name=\"_wpmem_register_nonce\" value=\"d8279e23b2\" \/><input type=\"hidden\" name=\"_wp_http_referer\" value=\"\/index.php?rest_route=%2Fwp%2Fv2%2Fpages%2F355\" \/><fieldset><legend>Registrieren<\/legend><label for=\"username\" class=\"text\">Einen Benutzernamen ausw\u00e4hlen<span class=\"req\">*<\/span><\/label><div class=\"div_text\"><input name=\"username\" type=\"text\" id=\"username\" value=\"\" class=\"textbox\" required  \/><\/div><label for=\"first_name\" class=\"text\">Vorname<span class=\"req\">*<\/span><\/label><div class=\"div_text\"><input name=\"first_name\" type=\"text\" id=\"first_name\" value=\"\" class=\"textbox\" required  \/><\/div><label for=\"last_name\" class=\"text\">Nachname<span class=\"req\">*<\/span><\/label><div class=\"div_text\"><input name=\"last_name\" type=\"text\" id=\"last_name\" value=\"\" class=\"textbox\" required  \/><\/div><label for=\"user_email\" class=\"text\">E-Mail<span class=\"req\">*<\/span><\/label><div class=\"div_text\"><input name=\"user_email\" type=\"email\" id=\"user_email\" value=\"\" class=\"textbox\" required  \/><\/div><label for=\"instr\" class=\"text\">Instrument<\/label><div class=\"div_text\"><input name=\"instr\" type=\"text\" id=\"instr\" value=\"\" class=\"textbox\" \/><\/div><div class=\"div_text\">Really Simple CAPTCHA is not enabled<\/div><input name=\"a\" type=\"hidden\" value=\"register\" \/><input name=\"wpmem_reg_page\" type=\"hidden\" value=\"https:\/\/repicando.de\/?page_id=355\" \/><div class=\"button_div\"><input name=\"submit\" type=\"submit\" value=\"Registrieren\" class=\"buttons\" \/><\/div><div class=\"req-text\"><span class=\"req\">*<\/span>Pflichtfeld<\/div><\/fieldset><\/form><\/div>\n<p>&nbsp;<\/p>\n","protected":false},"excerpt":{"rendered":"<p>Mit der Registrierung erkl\u00e4rst Du dich einverstanden, dass wir als  [&#8230;]<\/p>\n","protected":false},"author":5,"featured_media":0,"parent":0,"menu_order":0,"comment_status":"closed","ping_status":"closed","template":"","meta":{"footnotes":""},"class_list":["post-355","page","type-page","status-publish","hentry"],"_links":{"self":[{"href":"https:\/\/repicando.de\/index.php?rest_route=\/wp\/v2\/pages\/355","targetHints":{"allow":["GET"]}}],"collection":[{"href":"https:\/\/repicando.de\/index.php?rest_route=\/wp\/v2\/pages"}],"about":[{"href":"https:\/\/repicando.de\/index.php?rest_route=\/wp\/v2\/types\/page"}],"author":[{"embeddable":true,"href":"https:\/\/repicando.de\/index.php?rest_route=\/wp\/v2\/users\/5"}],"replies":[{"embeddable":true,"href":"https:\/\/repicando.de\/index.php?rest_route=%2Fwp%2Fv2%2Fcomments&post=355"}],"version-history":[{"count":9,"href":"https:\/\/repicando.de\/index.php?rest_route=\/wp\/v2\/pages\/355\/revisions"}],"predecessor-version":[{"id":422,"href":"https:\/\/repicando.de\/index.php?rest_route=\/wp\/v2\/pages\/355\/revisions\/422"}],"wp:attachment":[{"href":"https:\/\/repicando.de\/index.php?rest_route=%2Fwp%2Fv2%2Fmedia&parent=355"}],"curies":[{"name":"wp","href":"https:\/\/api.w.org\/{rel}","templated":true}]}}